{"id":460,"date":"2023-03-10T13:23:23","date_gmt":"2023-03-10T12:23:23","guid":{"rendered":"https:\/\/staging.swissbars-anna.ch\/?page_id=460"},"modified":"2023-10-29T10:03:21","modified_gmt":"2023-10-29T09:03:21","slug":"sutikezelesi-tajekoztato","status":"publish","type":"page","link":"https:\/\/staging.swissbars-anna.ch\/de\/sutikezelesi-tajekoztato\/","title":{"rendered":"Cookies"},"content":{"rendered":"<div data-elementor-type=\"wp-page\" data-elementor-id=\"460\" class=\"elementor elementor-460\" data-elementor-post-type=\"page\">\n\t\t\t\t\t\t\t<div class=\"elementor-element elementor-element-d9568b9 e-flex e-con-boxed e-con e-parent\" data-id=\"d9568b9\" data-element_type=\"container\" data-settings=\"{&quot;background_background&quot;:&quot;classic&quot;,&quot;container_type&quot;:&quot;flex&quot;,&quot;content_width&quot;:&quot;boxed&quot;}\" data-e-bg-lazyload=\"\" data-core-v316-plus=\"true\">\n\t\t\t\t\t<div class=\"e-con-inner\">\n\t\t<div class=\"elementor-element elementor-element-75a22af e-con-full e-flex e-con e-child\" data-id=\"75a22af\" data-element_type=\"container\" data-settings=\"{&quot;content_width&quot;:&quot;full&quot;,&quot;background_background&quot;:&quot;classic&quot;,&quot;container_type&quot;:&quot;flex&quot;}\">\n\t\t\t\t<\/div>\n\t\t\t\t\t<\/div>\n\t\t\t\t<\/div>\n\t\t<div class=\"elementor-element elementor-element-7c365b7 e-flex e-con-boxed e-con e-parent\" data-id=\"7c365b7\" data-element_type=\"container\" data-settings=\"{&quot;container_type&quot;:&quot;flex&quot;,&quot;content_width&quot;:&quot;boxed&quot;}\" data-core-v316-plus=\"true\">\n\t\t\t\t\t<div class=\"e-con-inner\">\n\t\t<div class=\"elementor-element elementor-element-456157f e-con-full e-flex e-con e-child\" data-id=\"456157f\" data-element_type=\"container\" data-settings=\"{&quot;content_width&quot;:&quot;full&quot;,&quot;background_background&quot;:&quot;classic&quot;,&quot;container_type&quot;:&quot;flex&quot;}\">\n\t\t<div class=\"elementor-element elementor-element-1a34c5a e-flex e-con-boxed e-con e-child\" data-id=\"1a34c5a\" data-element_type=\"container\" data-settings=\"{&quot;background_background&quot;:&quot;classic&quot;,&quot;container_type&quot;:&quot;flex&quot;,&quot;content_width&quot;:&quot;boxed&quot;}\">\n\t\t\t\t\t<div class=\"e-con-inner\">\n\t\t\t\t<div class=\"elementor-element elementor-element-c12ea71 elementor-widget elementor-widget-text-editor\" data-id=\"c12ea71\" data-element_type=\"widget\" data-widget_type=\"text-editor.default\">\n\t\t\t\t<div class=\"elementor-widget-container\">\n\t\t\t\t\t\t\t<p>Egy EU-s t\u00f6rv\u00e9ny alapj\u00e1n k\u00f6telez\u0151 t\u00e1j\u00e9koztatni a weboldalunkra l\u00e1togat\u00f3kat, hogy a weboldal \u00fan. cookie-kat (s\u00fctiket) haszn\u00e1l.<\/p><p>Mik azok a \u201es\u00fctik\u201d?<br \/>A cookie egy kism\u00e9ret\u0171 f\u00e1jl, ami a l\u00e1togat\u00f3 sz\u00e1m\u00edt\u00f3g\u00e9p\u00e9n, vagy m\u00e1s, internetes hozz\u00e1f\u00e9r\u00e9st biztos\u00edt\u00f3 eszk\u00f6z\u00e9n t\u00e1rolhat\u00f3. A s\u00fctik nem tartalmaznak futtathat\u00f3 \u00e1llom\u00e1nyokat, v\u00edrusokat, illetve k\u00e9mprogramokat, valamint nem f\u00e9rnek hozz\u00e1 a felhaszn\u00e1l\u00f3 merevlemez\u00e9nek adataihoz. A cookie maga nem tartalmaz vagy gy\u0171jt inform\u00e1ci\u00f3t.<\/p><p>Mire j\u00f3k a \u201es\u00fctik\u201d?<br \/>A s\u00fctik lehet\u0151v\u00e9 teszik a felhaszn\u00e1l\u00f3 sz\u00e1m\u00edt\u00f3g\u00e9p\u00e9nek (vagy m\u00e1s, internetez\u00e9sre haszn\u00e1lt eszk\u00f6z\u00e9nek), illetve b\u00f6ng\u00e9sz\u0151j\u00e9nek felismer\u00e9s\u00e9t \u00e9s ez\u00e1ltal a felhaszn\u00e1l\u00f3 ig\u00e9nyeihez igaz\u00edtott tartalom megjelen\u00edt\u00e9s\u00e9t. A s\u00fctik hozz\u00e1seg\u00edtik a l\u00e1togat\u00f3t a k\u00e9nyelmes b\u00f6ng\u00e9sz\u00e9shez.\u00a0A s\u00fctiknek k\u00f6sz\u00f6nhetj\u00fck azt is, hogy a b\u00f6ng\u00e9sz\u0151nk k\u00e9pes jelszavainkat megjegyezni, term\u00e9szetesen csak akkor, ha ezt szeretn\u00e9nk. Bizonyos anonim statisztik\u00e1k elk\u00e9sz\u00edt\u00e9s\u00e9hez, a weboldal teljes\u00edtm\u00e9ny\u00e9nek m\u00e9r\u00e9s\u00e9re is haszn\u00e1lhat\u00f3k, amelyek \u00e9rt\u00e9kes inform\u00e1ci\u00f3kkal szolg\u00e1lnak a l\u00e1togat\u00f3k oldalhaszn\u00e1lati szok\u00e1sair\u00f3l, \u00e9s ez seg\u00edti a weboldal \u00fczemeltet\u0151j\u00e9t abban, hogy az oldal szerkezet\u00e9t \u00e9s tartalm\u00e1t min\u00e9l ink\u00e1bb a l\u00e1togat\u00f3k ig\u00e9nyeire szabja.<\/p><p>Mit tegyek, ha nem akarok \u201es\u00fctiket\u201d?<br \/>A s\u00fctik\u00a0b\u00e1rmikor letilthat\u00f3ak\u00a0a b\u00f6ng\u00e9sz\u0151\u00a0be\u00e1ll\u00edt\u00e1saiban. A\u00a0cookie-k haszn\u00e1lat\u00e1nak tilt\u00e1sa\/korl\u00e1toz\u00e1sa negat\u00edvan befoly\u00e1solhatja az oldal bizonyos funkci\u00f3inak m\u0171k\u00f6d\u00e9s\u00e9t.<\/p>\t\t\t\t\t\t<\/div>\n\t\t\t\t<\/div>\n\t\t\t\t<div class=\"elementor-element elementor-element-f8a2222 elementor-widget elementor-widget-html\" data-id=\"f8a2222\" data-element_type=\"widget\" data-widget_type=\"html.default\">\n\t\t\t\t<div class=\"elementor-widget-container\">\n\t\t\t<div class=\"cky-audit-table-element\"><\/div>\t\t<\/div>\n\t\t\t\t<\/div>\n\t\t\t\t\t<\/div>\n\t\t\t\t<\/div>\n\t\t\t\t<\/div>\n\t\t\t\t\t<\/div>\n\t\t\t\t<\/div>\n\t\t\t\t\t\t\t<\/div>","protected":false},"excerpt":{"rendered":"<p>Egy EU-s t\u00f6rv\u00e9ny alapj\u00e1n k\u00f6telez\u0151 t\u00e1j\u00e9koztatni a weboldalunkra l\u00e1togat\u00f3kat, hogy a weboldal \u00fan. cookie-kat (s\u00fctiket) haszn\u00e1l. Mik azok a \u201es\u00fctik\u201d? A cookie egy kism\u00e9ret\u0171 f\u00e1jl, ami a l\u00e1togat\u00f3 sz\u00e1m\u00edt\u00f3g\u00e9p\u00e9n, vagy m\u00e1s, internetes hozz\u00e1f\u00e9r\u00e9st biztos\u00edt\u00f3 eszk\u00f6z\u00e9n t\u00e1rolhat\u00f3. A s\u00fctik nem tartalmaznak futtathat\u00f3 \u00e1llom\u00e1nyokat, v\u00edrusokat, illetve k\u00e9mprogramokat, valamint nem f\u00e9rnek hozz\u00e1 a felhaszn\u00e1l\u00f3 merevlemez\u00e9nek adataihoz. A cookie &#8230; <a title=\"Cookies\" class=\"read-more\" href=\"https:\/\/staging.swissbars-anna.ch\/de\/sutikezelesi-tajekoztato\/\" aria-label=\"Mehr dazu unter S\u00fctikezel\u00e9si t\u00e1j\u00e9koztat\u00f3\">Weiterlesen<\/a><\/p>","protected":false},"author":1,"featured_media":4113,"parent":0,"menu_order":0,"comment_status":"closed","ping_status":"closed","template":"","meta":{"footnotes":""},"yoast_head":"<!-- This site is optimized with the Yoast SEO Premium plugin v21.5 (Yoast SEO v21.5) - https:\/\/yoast.com\/wordpress\/plugins\/seo\/ -->\n<title>S\u00fctikezel\u00e9si t\u00e1j\u00e9koztat\u00f3 - Swissbars-Anna<\/title>\n<meta name=\"description\" content=\"S\u00fctikezel\u00e9si t\u00e1j\u00e9koztat\u00f3 - Swissbars-Anna\" \/>\n<meta name=\"robots\" content=\"noindex, nofollow\" \/>\n<meta property=\"og:locale\" content=\"de_DE\" \/>\n<meta property=\"og:type\" content=\"article\" \/>\n<meta property=\"og:title\" content=\"S\u00fctikezel\u00e9si t\u00e1j\u00e9koztat\u00f3 - Swissbars-Anna\" \/>\n<meta property=\"og:description\" content=\"S\u00fctikezel\u00e9si t\u00e1j\u00e9koztat\u00f3 - Swissbars-Anna\" \/>\n<meta property=\"og:url\" content=\"https:\/\/staging.swissbars-anna.ch\/de\/sutikezelesi-tajekoztato\/\" \/>\n<meta property=\"og:site_name\" content=\"Swissbars-Anna\" \/>\n<meta property=\"article:modified_time\" content=\"2023-10-29T09:03:21+00:00\" \/>\n<meta property=\"og:image\" content=\"https:\/\/staging.swissbars-anna.ch\/wp-content\/uploads\/2023\/10\/fb_og_anna_bozo_1200x630_01.webp\" \/>\n\t<meta property=\"og:image:width\" content=\"1200\" \/>\n\t<meta property=\"og:image:height\" content=\"630\" \/>\n\t<meta property=\"og:image:type\" content=\"image\/webp\" \/>\n<meta name=\"twitter:card\" content=\"summary_large_image\" \/>\n<meta name=\"twitter:title\" content=\"S\u00fctikezel\u00e9si t\u00e1j\u00e9koztat\u00f3\" \/>\n<meta name=\"twitter:description\" content=\"Swissbars-Anna S\u00fctikezel\u00e9si t\u00e1j\u00e9koztat\u00f3\" \/>\n<meta name=\"twitter:label1\" content=\"Gesch\u00e4tzte Lesezeit\" \/>\n\t<meta name=\"twitter:data1\" content=\"1 Minute\" \/>\n<script type=\"application\/ld+json\" class=\"yoast-schema-graph\">{\"@context\":\"https:\/\/schema.org\",\"@graph\":[{\"@type\":\"WebPage\",\"@id\":\"https:\/\/staging.swissbars-anna.ch\/sutikezelesi-tajekoztato\/\",\"url\":\"https:\/\/staging.swissbars-anna.ch\/sutikezelesi-tajekoztato\/\",\"name\":\"S\u00fctikezel\u00e9si t\u00e1j\u00e9koztat\u00f3 - Swissbars-Anna\",\"isPartOf\":{\"@id\":\"https:\/\/staging.swissbars-anna.ch\/#website\"},\"datePublished\":\"2023-03-10T12:23:23+00:00\",\"dateModified\":\"2023-10-29T09:03:21+00:00\",\"description\":\"S\u00fctikezel\u00e9si t\u00e1j\u00e9koztat\u00f3 - Swissbars-Anna\",\"breadcrumb\":{\"@id\":\"https:\/\/staging.swissbars-anna.ch\/sutikezelesi-tajekoztato\/#breadcrumb\"},\"inLanguage\":\"de-DE\",\"potentialAction\":[{\"@type\":\"ReadAction\",\"target\":[\"https:\/\/staging.swissbars-anna.ch\/sutikezelesi-tajekoztato\/\"]}]},{\"@type\":\"BreadcrumbList\",\"@id\":\"https:\/\/staging.swissbars-anna.ch\/sutikezelesi-tajekoztato\/#breadcrumb\",\"itemListElement\":[{\"@type\":\"ListItem\",\"position\":1,\"name\":\"Home\",\"item\":\"https:\/\/staging.swissbars-anna.ch\/\"},{\"@type\":\"ListItem\",\"position\":2,\"name\":\"S\u00fctikezel\u00e9si t\u00e1j\u00e9koztat\u00f3\"}]},{\"@type\":\"WebSite\",\"@id\":\"https:\/\/staging.swissbars-anna.ch\/#website\",\"url\":\"https:\/\/staging.swissbars-anna.ch\/\",\"name\":\"Swissbars-Anna\",\"description\":\"swissbars-anna.ch\",\"potentialAction\":[{\"@type\":\"SearchAction\",\"target\":{\"@type\":\"EntryPoint\",\"urlTemplate\":\"https:\/\/staging.swissbars-anna.ch\/?s={search_term_string}\"},\"query-input\":\"required name=search_term_string\"}],\"inLanguage\":\"de-DE\"}]}<\/script>\n<!-- \/ Yoast SEO Premium plugin. -->","yoast_head_json":{"title":"S\u00fctikezel\u00e9si t\u00e1j\u00e9koztat\u00f3 - Swissbars-Anna","description":"S\u00fctikezel\u00e9si t\u00e1j\u00e9koztat\u00f3 - Swissbars-Anna","robots":{"index":"noindex","follow":"nofollow"},"og_locale":"de_DE","og_type":"article","og_title":"S\u00fctikezel\u00e9si t\u00e1j\u00e9koztat\u00f3 - Swissbars-Anna","og_description":"S\u00fctikezel\u00e9si t\u00e1j\u00e9koztat\u00f3 - Swissbars-Anna","og_url":"https:\/\/staging.swissbars-anna.ch\/de\/sutikezelesi-tajekoztato\/","og_site_name":"Swissbars-Anna","article_modified_time":"2023-10-29T09:03:21+00:00","og_image":[{"width":1200,"height":630,"url":"https:\/\/staging.swissbars-anna.ch\/wp-content\/uploads\/2023\/10\/fb_og_anna_bozo_1200x630_01.webp","type":"image\/webp"}],"twitter_card":"summary_large_image","twitter_title":"S\u00fctikezel\u00e9si t\u00e1j\u00e9koztat\u00f3","twitter_description":"Swissbars-Anna S\u00fctikezel\u00e9si t\u00e1j\u00e9koztat\u00f3","twitter_misc":{"Gesch\u00e4tzte Lesezeit":"1 Minute"},"schema":{"@context":"https:\/\/schema.org","@graph":[{"@type":"WebPage","@id":"https:\/\/staging.swissbars-anna.ch\/sutikezelesi-tajekoztato\/","url":"https:\/\/staging.swissbars-anna.ch\/sutikezelesi-tajekoztato\/","name":"S\u00fctikezel\u00e9si t\u00e1j\u00e9koztat\u00f3 - Swissbars-Anna","isPartOf":{"@id":"https:\/\/staging.swissbars-anna.ch\/#website"},"datePublished":"2023-03-10T12:23:23+00:00","dateModified":"2023-10-29T09:03:21+00:00","description":"S\u00fctikezel\u00e9si t\u00e1j\u00e9koztat\u00f3 - Swissbars-Anna","breadcrumb":{"@id":"https:\/\/staging.swissbars-anna.ch\/sutikezelesi-tajekoztato\/#breadcrumb"},"inLanguage":"de-DE","potentialAction":[{"@type":"ReadAction","target":["https:\/\/staging.swissbars-anna.ch\/sutikezelesi-tajekoztato\/"]}]},{"@type":"BreadcrumbList","@id":"https:\/\/staging.swissbars-anna.ch\/sutikezelesi-tajekoztato\/#breadcrumb","itemListElement":[{"@type":"ListItem","position":1,"name":"Home","item":"https:\/\/staging.swissbars-anna.ch\/"},{"@type":"ListItem","position":2,"name":"S\u00fctikezel\u00e9si t\u00e1j\u00e9koztat\u00f3"}]},{"@type":"WebSite","@id":"https:\/\/staging.swissbars-anna.ch\/#website","url":"https:\/\/staging.swissbars-anna.ch\/","name":"Swissbars-Anna","description":"swissbars-anna.ch","potentialAction":[{"@type":"SearchAction","target":{"@type":"EntryPoint","urlTemplate":"https:\/\/staging.swissbars-anna.ch\/?s={search_term_string}"},"query-input":"required name=search_term_string"}],"inLanguage":"de-DE"}]}},"_links":{"self":[{"href":"https:\/\/staging.swissbars-anna.ch\/de\/wp-json\/wp\/v2\/pages\/460"}],"collection":[{"href":"https:\/\/staging.swissbars-anna.ch\/de\/wp-json\/wp\/v2\/pages"}],"about":[{"href":"https:\/\/staging.swissbars-anna.ch\/de\/wp-json\/wp\/v2\/types\/page"}],"author":[{"embeddable":true,"href":"https:\/\/staging.swissbars-anna.ch\/de\/wp-json\/wp\/v2\/users\/1"}],"replies":[{"embeddable":true,"href":"https:\/\/staging.swissbars-anna.ch\/de\/wp-json\/wp\/v2\/comments?post=460"}],"version-history":[{"count":0,"href":"https:\/\/staging.swissbars-anna.ch\/de\/wp-json\/wp\/v2\/pages\/460\/revisions"}],"wp:featuredmedia":[{"embeddable":true,"href":"https:\/\/staging.swissbars-anna.ch\/de\/wp-json\/wp\/v2\/media\/4113"}],"wp:attachment":[{"href":"https:\/\/staging.swissbars-anna.ch\/de\/wp-json\/wp\/v2\/media?parent=460"}],"curies":[{"name":"wp","href":"https:\/\/api.w.org\/{rel}","templated":true}]}}