{"id":1957,"date":"2023-03-17T13:56:04","date_gmt":"2023-03-17T12:56:04","guid":{"rendered":"https:\/\/staging.swissbars-anna.ch\/?page_id=1957"},"modified":"2023-10-29T09:48:27","modified_gmt":"2023-10-29T08:48:27","slug":"belepes","status":"publish","type":"page","link":"https:\/\/staging.swissbars-anna.ch\/de\/belepes\/","title":{"rendered":"Bel\u00e9p\u00e9s"},"content":{"rendered":"<div data-elementor-type=\"wp-page\" data-elementor-id=\"1957\" class=\"elementor elementor-1957\" data-elementor-post-type=\"page\">\n\t\t\t\t\t\t\t<div class=\"elementor-element elementor-element-c483a66 e-flex e-con-boxed e-con e-parent\" data-id=\"c483a66\" data-element_type=\"container\" data-settings=\"{&quot;background_background&quot;:&quot;classic&quot;,&quot;container_type&quot;:&quot;flex&quot;,&quot;content_width&quot;:&quot;boxed&quot;}\" data-e-bg-lazyload=\"\" data-core-v316-plus=\"true\">\n\t\t\t\t\t<div class=\"e-con-inner\">\n\t\t<div class=\"elementor-element elementor-element-f2ffc57 e-con-full e-flex e-con e-child\" data-id=\"f2ffc57\" data-element_type=\"container\" data-settings=\"{&quot;content_width&quot;:&quot;full&quot;,&quot;background_background&quot;:&quot;classic&quot;,&quot;container_type&quot;:&quot;flex&quot;}\">\n\t\t\t\t<\/div>\n\t\t\t\t\t<\/div>\n\t\t\t\t<\/div>\n\t\t<div class=\"elementor-element elementor-element-7c365b7 e-con-full e-flex e-con e-parent\" data-id=\"7c365b7\" data-element_type=\"container\" data-settings=\"{&quot;content_width&quot;:&quot;full&quot;,&quot;container_type&quot;:&quot;flex&quot;}\" data-core-v316-plus=\"true\">\n\t\t<div class=\"elementor-element elementor-element-456157f e-con-full e-flex e-con e-child\" data-id=\"456157f\" data-element_type=\"container\" data-settings=\"{&quot;content_width&quot;:&quot;full&quot;,&quot;background_background&quot;:&quot;classic&quot;,&quot;container_type&quot;:&quot;flex&quot;}\">\n\t\t\t\t<div class=\"elementor-element elementor-element-3e3c3a7 elementor-widget elementor-widget-heading\" data-id=\"3e3c3a7\" data-element_type=\"widget\" data-widget_type=\"heading.default\">\n\t\t\t\t<div class=\"elementor-widget-container\">\n\t\t\t<h2 class=\"elementor-heading-title elementor-size-default\">Adminisztr\u00e1ci\u00f3s fel\u00fclet<\/h2>\t\t<\/div>\n\t\t\t\t<\/div>\n\t\t<div class=\"elementor-element elementor-element-1a34c5a e-flex e-con-boxed e-con e-child\" data-id=\"1a34c5a\" data-element_type=\"container\" data-settings=\"{&quot;background_background&quot;:&quot;classic&quot;,&quot;container_type&quot;:&quot;flex&quot;,&quot;content_width&quot;:&quot;boxed&quot;}\">\n\t\t\t\t\t<div class=\"e-con-inner\">\n\t\t\t\t<div class=\"elementor-element elementor-element-97cf0ff uael-login-form-inline-yes uael-login-form-icon-yes elementor-button-align-center elementor-widget elementor-widget-uael-login-form\" data-id=\"97cf0ff\" data-element_type=\"widget\" data-settings=\"{&quot;align&quot;:&quot;center&quot;,&quot;input_border&quot;:{&quot;unit&quot;:&quot;px&quot;,&quot;top&quot;:&quot;0&quot;,&quot;right&quot;:&quot;0&quot;,&quot;bottom&quot;:&quot;1&quot;,&quot;left&quot;:&quot;0&quot;,&quot;isLinked&quot;:false},&quot;row_gap&quot;:{&quot;unit&quot;:&quot;px&quot;,&quot;size&quot;:20,&quot;sizes&quot;:[]},&quot;row_gap_widescreen&quot;:{&quot;unit&quot;:&quot;px&quot;,&quot;size&quot;:&quot;&quot;,&quot;sizes&quot;:[]},&quot;row_gap_laptop&quot;:{&quot;unit&quot;:&quot;px&quot;,&quot;size&quot;:&quot;&quot;,&quot;sizes&quot;:[]},&quot;row_gap_tablet_extra&quot;:{&quot;unit&quot;:&quot;px&quot;,&quot;size&quot;:&quot;&quot;,&quot;sizes&quot;:[]},&quot;row_gap_tablet&quot;:{&quot;unit&quot;:&quot;px&quot;,&quot;size&quot;:&quot;&quot;,&quot;sizes&quot;:[]},&quot;row_gap_mobile_extra&quot;:{&quot;unit&quot;:&quot;px&quot;,&quot;size&quot;:&quot;&quot;,&quot;sizes&quot;:[]},&quot;row_gap_mobile&quot;:{&quot;unit&quot;:&quot;px&quot;,&quot;size&quot;:&quot;&quot;,&quot;sizes&quot;:[]},&quot;input_padding&quot;:{&quot;unit&quot;:&quot;px&quot;,&quot;top&quot;:&quot;&quot;,&quot;right&quot;:&quot;&quot;,&quot;bottom&quot;:&quot;&quot;,&quot;left&quot;:&quot;&quot;,&quot;isLinked&quot;:true},&quot;input_padding_widescreen&quot;:{&quot;unit&quot;:&quot;px&quot;,&quot;top&quot;:&quot;&quot;,&quot;right&quot;:&quot;&quot;,&quot;bottom&quot;:&quot;&quot;,&quot;left&quot;:&quot;&quot;,&quot;isLinked&quot;:true},&quot;input_padding_laptop&quot;:{&quot;unit&quot;:&quot;px&quot;,&quot;top&quot;:&quot;&quot;,&quot;right&quot;:&quot;&quot;,&quot;bottom&quot;:&quot;&quot;,&quot;left&quot;:&quot;&quot;,&quot;isLinked&quot;:true},&quot;input_padding_tablet_extra&quot;:{&quot;unit&quot;:&quot;px&quot;,&quot;top&quot;:&quot;&quot;,&quot;right&quot;:&quot;&quot;,&quot;bottom&quot;:&quot;&quot;,&quot;left&quot;:&quot;&quot;,&quot;isLinked&quot;:true},&quot;input_padding_tablet&quot;:{&quot;unit&quot;:&quot;px&quot;,&quot;top&quot;:&quot;&quot;,&quot;right&quot;:&quot;&quot;,&quot;bottom&quot;:&quot;&quot;,&quot;left&quot;:&quot;&quot;,&quot;isLinked&quot;:true},&quot;input_padding_mobile_extra&quot;:{&quot;unit&quot;:&quot;px&quot;,&quot;top&quot;:&quot;&quot;,&quot;right&quot;:&quot;&quot;,&quot;bottom&quot;:&quot;&quot;,&quot;left&quot;:&quot;&quot;,&quot;isLinked&quot;:true},&quot;input_padding_mobile&quot;:{&quot;unit&quot;:&quot;px&quot;,&quot;top&quot;:&quot;&quot;,&quot;right&quot;:&quot;&quot;,&quot;bottom&quot;:&quot;&quot;,&quot;left&quot;:&quot;&quot;,&quot;isLinked&quot;:true},&quot;input_border_widescreen&quot;:{&quot;unit&quot;:&quot;px&quot;,&quot;top&quot;:&quot;&quot;,&quot;right&quot;:&quot;&quot;,&quot;bottom&quot;:&quot;&quot;,&quot;left&quot;:&quot;&quot;,&quot;isLinked&quot;:true},&quot;input_border_laptop&quot;:{&quot;unit&quot;:&quot;px&quot;,&quot;top&quot;:&quot;&quot;,&quot;right&quot;:&quot;&quot;,&quot;bottom&quot;:&quot;&quot;,&quot;left&quot;:&quot;&quot;,&quot;isLinked&quot;:true},&quot;input_border_tablet_extra&quot;:{&quot;unit&quot;:&quot;px&quot;,&quot;top&quot;:&quot;&quot;,&quot;right&quot;:&quot;&quot;,&quot;bottom&quot;:&quot;&quot;,&quot;left&quot;:&quot;&quot;,&quot;isLinked&quot;:true},&quot;input_border_tablet&quot;:{&quot;unit&quot;:&quot;px&quot;,&quot;top&quot;:&quot;&quot;,&quot;right&quot;:&quot;&quot;,&quot;bottom&quot;:&quot;&quot;,&quot;left&quot;:&quot;&quot;,&quot;isLinked&quot;:true},&quot;input_border_mobile_extra&quot;:{&quot;unit&quot;:&quot;px&quot;,&quot;top&quot;:&quot;&quot;,&quot;right&quot;:&quot;&quot;,&quot;bottom&quot;:&quot;&quot;,&quot;left&quot;:&quot;&quot;,&quot;isLinked&quot;:true},&quot;input_border_mobile&quot;:{&quot;unit&quot;:&quot;px&quot;,&quot;top&quot;:&quot;&quot;,&quot;right&quot;:&quot;&quot;,&quot;bottom&quot;:&quot;&quot;,&quot;left&quot;:&quot;&quot;,&quot;isLinked&quot;:true}}\" data-widget_type=\"uael-login-form.default\">\n\t\t\t\t<div class=\"elementor-widget-container\">\n\t\t\t\t\t\t<div class=\"uael-login-form-wrapper\" data-nonce=\"a66e49211f\" data-redirect-url=\"https:\/\/staging.swissbars-anna.ch\/wp-admin\/admin.php?page=wpamelia-events#\/events\">\n\t\t\t\t\t\t\t\t\t\t<form class=\"uael-form uael-login-form\" method=\"post\" action=\"\">\n\t\t\t\t\t\t\t\t\t\t\t<input type=\"hidden\" name=\"redirect_to\" value=\"https:\/\/staging.swissbars-anna.ch\/wp-admin\/admin.php?page=wpamelia-events#\/events\">\n\t\t\t\t\t\n\t\t\t\t\t<div class=\"elementor-form-fields-wrapper\">\n\t\t\t\t\t\t<div class=\"elementor-field-type-text elementor-field-group elementor-column elementor-col-100 elementor-field-required\">\n\t\t\t\t\t\t\t<div class=\"uael-username-wrapper\"><input size=\"1\" type=\"text\" name=\"username\" id=\"user\" placeholder=\"Username or Email Address\" class=\"elementor-field elementor-field-textual elementor-size-sm uael-login-form-username\"><span class=\"uael-fields-icon\"><i class=\"fa fa-user\"><\/i><\/span><\/div>\t\t\t\t\t\t\t\t\t\t\t\t\t<\/div>\n\n\t\t\t\t\t\t<div class=\"elementor-field-type-text elementor-field-group elementor-column elementor-col-100 elementor-field-required\">\n\t\t\t\t\t\t\t<div class=\"uael-password-wrapper\"><input size=\"1\" type=\"password\" name=\"password\" id=\"password\" placeholder=\"Password\" class=\"elementor-field elementor-field-textual elementor-size-sm uael-login-form-password\"><span class=\"uael-fields-icon\"><i class=\"fa fa-lock\"><\/i><\/span><span toggle=\"#password-field\" class=\"fa fa-fw fa-eye field-icon toggle-password\"><\/span><\/div>\t\t\t\t\t\t\t\t\t\t\t\t\t<\/div>\n\n\t\t\t\t\t\t\t\t\t\t\t\t\t\t\t\t\t\t\t\t<div class=\"elementor-field-type-checkbox elementor-field-group elementor-column elementor-col-100 elementor-remember-me\">\n\t\t\t\t\t\t\t\t<label for=\"uael-login-remember-me\">\n\t\t\t\t\t\t\t\t\t<input type=\"checkbox\" id=\"uael-login-remember-me\" class=\"uael-login-form-remember\" name=\"rememberme\" value=\"forever\">\n\t\t\t\t\t\t\t\t\t<span class=\"uael-login-form-remember\">Remember Me<\/span>\n\t\t\t\t\t\t\t\t<\/label>\n\t\t\t\t\t\t\t<\/div>\n\t\t\t\t\t\t\n\t\t\t\t\t\t<div class=\"elementor-field-group elementor-column elementor-button-wrapper elementor-field-type-submit elementor-col-100\">\n\t\t\t\t\t\t\t<button type=\"submit\" class=\"elementor-button uael-login-form-submit elementor-size-md\" name=\"uael-login-submit\" data-ajax-enable=\"yes\">\n\t\t\t\t\t\t\t\t\t\t\t\t\t\t\t\t\t\t\t\t\t\t\t\t\t<span class=\"elementor-button-text\">Log In<\/span>\n\t\t\t\t\t\t\t\t\t\t\t\t\t\t\t\t\t\t\t\t\t\t\t<\/button>\n\t\t\t\t\t\t\t\t\t\t\t\t\t<\/div>\n\n\t\t\t\t\t\t\n\t\t\t\t\t<\/div>\n\t\t\t\t<input type=\"hidden\" name=\"trp-form-language\" value=\"de\"\/><\/form>\n\t\t\t\t\t\t\t\t<\/div>\n\t\t\t\t<\/div>\n\t\t\t\t<\/div>\n\t\t\t\t\t<\/div>\n\t\t\t\t<\/div>\n\t\t\t\t<\/div>\n\t\t\t\t<\/div>\n\t\t\t\t\t\t\t<\/div>","protected":false},"excerpt":{"rendered":"<p>Adminisztr\u00e1ci\u00f3s fel\u00fclet You are Logged in as admin (Logout)<\/p>","protected":false},"author":1,"featured_media":4113,"parent":0,"menu_order":0,"comment_status":"closed","ping_status":"closed","template":"","meta":{"footnotes":""},"yoast_head":"<!-- This site is optimized with the Yoast SEO Premium plugin v21.5 (Yoast SEO v21.5) - https:\/\/yoast.com\/wordpress\/plugins\/seo\/ -->\n<title>Bel\u00e9p\u00e9s - Swissbars-Anna<\/title>\n<meta name=\"description\" content=\"Bel\u00e9p\u00e9s - Swissbars-Anna\" \/>\n<meta name=\"robots\" content=\"noindex, nofollow\" \/>\n<meta property=\"og:locale\" content=\"de_DE\" \/>\n<meta property=\"og:type\" content=\"article\" \/>\n<meta property=\"og:title\" content=\"Bel\u00e9p\u00e9s - Swissbars-Anna\" \/>\n<meta property=\"og:description\" content=\"Bel\u00e9p\u00e9s - Swissbars-Anna\" \/>\n<meta property=\"og:url\" content=\"https:\/\/staging.swissbars-anna.ch\/de\/belepes\/\" \/>\n<meta property=\"og:site_name\" content=\"Swissbars-Anna\" \/>\n<meta property=\"article:modified_time\" content=\"2023-10-29T08:48:27+00:00\" \/>\n<meta property=\"og:image\" content=\"https:\/\/staging.swissbars-anna.ch\/wp-content\/uploads\/2023\/10\/fb_og_anna_bozo_1200x630_01.webp\" \/>\n\t<meta property=\"og:image:width\" content=\"1200\" \/>\n\t<meta property=\"og:image:height\" content=\"630\" \/>\n\t<meta property=\"og:image:type\" content=\"image\/webp\" \/>\n<meta name=\"twitter:card\" content=\"summary_large_image\" \/>\n<meta name=\"twitter:title\" content=\"Bel\u00e9p\u00e9s\" \/>\n<meta name=\"twitter:description\" content=\"Swissbars-Anna Bel\u00e9p\u00e9s\" \/>\n<meta name=\"twitter:label1\" content=\"Gesch\u00e4tzte Lesezeit\" \/>\n\t<meta name=\"twitter:data1\" content=\"1 Minute\" \/>\n<script type=\"application\/ld+json\" class=\"yoast-schema-graph\">{\"@context\":\"https:\/\/schema.org\",\"@graph\":[{\"@type\":\"WebPage\",\"@id\":\"https:\/\/staging.swissbars-anna.ch\/belepes\/\",\"url\":\"https:\/\/staging.swissbars-anna.ch\/belepes\/\",\"name\":\"Bel\u00e9p\u00e9s - Swissbars-Anna\",\"isPartOf\":{\"@id\":\"https:\/\/staging.swissbars-anna.ch\/#website\"},\"datePublished\":\"2023-03-17T12:56:04+00:00\",\"dateModified\":\"2023-10-29T08:48:27+00:00\",\"description\":\"Bel\u00e9p\u00e9s - Swissbars-Anna\",\"breadcrumb\":{\"@id\":\"https:\/\/staging.swissbars-anna.ch\/belepes\/#breadcrumb\"},\"inLanguage\":\"de-DE\",\"potentialAction\":[{\"@type\":\"ReadAction\",\"target\":[\"https:\/\/staging.swissbars-anna.ch\/belepes\/\"]}]},{\"@type\":\"BreadcrumbList\",\"@id\":\"https:\/\/staging.swissbars-anna.ch\/belepes\/#breadcrumb\",\"itemListElement\":[{\"@type\":\"ListItem\",\"position\":1,\"name\":\"Home\",\"item\":\"https:\/\/staging.swissbars-anna.ch\/\"},{\"@type\":\"ListItem\",\"position\":2,\"name\":\"Bel\u00e9p\u00e9s\"}]},{\"@type\":\"WebSite\",\"@id\":\"https:\/\/staging.swissbars-anna.ch\/#website\",\"url\":\"https:\/\/staging.swissbars-anna.ch\/\",\"name\":\"Swissbars-Anna\",\"description\":\"swissbars-anna.ch\",\"potentialAction\":[{\"@type\":\"SearchAction\",\"target\":{\"@type\":\"EntryPoint\",\"urlTemplate\":\"https:\/\/staging.swissbars-anna.ch\/?s={search_term_string}\"},\"query-input\":\"required name=search_term_string\"}],\"inLanguage\":\"de-DE\"}]}<\/script>\n<!-- \/ Yoast SEO Premium plugin. -->","yoast_head_json":{"title":"Bel\u00e9p\u00e9s - Swissbars-Anna","description":"Bel\u00e9p\u00e9s - Swissbars-Anna","robots":{"index":"noindex","follow":"nofollow"},"og_locale":"de_DE","og_type":"article","og_title":"Bel\u00e9p\u00e9s - Swissbars-Anna","og_description":"Bel\u00e9p\u00e9s - Swissbars-Anna","og_url":"https:\/\/staging.swissbars-anna.ch\/de\/belepes\/","og_site_name":"Swissbars-Anna","article_modified_time":"2023-10-29T08:48:27+00:00","og_image":[{"width":1200,"height":630,"url":"https:\/\/staging.swissbars-anna.ch\/wp-content\/uploads\/2023\/10\/fb_og_anna_bozo_1200x630_01.webp","type":"image\/webp"}],"twitter_card":"summary_large_image","twitter_title":"Bel\u00e9p\u00e9s","twitter_description":"Swissbars-Anna Bel\u00e9p\u00e9s","twitter_misc":{"Gesch\u00e4tzte Lesezeit":"1 Minute"},"schema":{"@context":"https:\/\/schema.org","@graph":[{"@type":"WebPage","@id":"https:\/\/staging.swissbars-anna.ch\/belepes\/","url":"https:\/\/staging.swissbars-anna.ch\/belepes\/","name":"Bel\u00e9p\u00e9s - Swissbars-Anna","isPartOf":{"@id":"https:\/\/staging.swissbars-anna.ch\/#website"},"datePublished":"2023-03-17T12:56:04+00:00","dateModified":"2023-10-29T08:48:27+00:00","description":"Bel\u00e9p\u00e9s - Swissbars-Anna","breadcrumb":{"@id":"https:\/\/staging.swissbars-anna.ch\/belepes\/#breadcrumb"},"inLanguage":"de-DE","potentialAction":[{"@type":"ReadAction","target":["https:\/\/staging.swissbars-anna.ch\/belepes\/"]}]},{"@type":"BreadcrumbList","@id":"https:\/\/staging.swissbars-anna.ch\/belepes\/#breadcrumb","itemListElement":[{"@type":"ListItem","position":1,"name":"Home","item":"https:\/\/staging.swissbars-anna.ch\/"},{"@type":"ListItem","position":2,"name":"Bel\u00e9p\u00e9s"}]},{"@type":"WebSite","@id":"https:\/\/staging.swissbars-anna.ch\/#website","url":"https:\/\/staging.swissbars-anna.ch\/","name":"Swissbars-Anna","description":"swissbars-anna.ch","potentialAction":[{"@type":"SearchAction","target":{"@type":"EntryPoint","urlTemplate":"https:\/\/staging.swissbars-anna.ch\/?s={search_term_string}"},"query-input":"required name=search_term_string"}],"inLanguage":"de-DE"}]}},"_links":{"self":[{"href":"https:\/\/staging.swissbars-anna.ch\/de\/wp-json\/wp\/v2\/pages\/1957"}],"collection":[{"href":"https:\/\/staging.swissbars-anna.ch\/de\/wp-json\/wp\/v2\/pages"}],"about":[{"href":"https:\/\/staging.swissbars-anna.ch\/de\/wp-json\/wp\/v2\/types\/page"}],"author":[{"embeddable":true,"href":"https:\/\/staging.swissbars-anna.ch\/de\/wp-json\/wp\/v2\/users\/1"}],"replies":[{"embeddable":true,"href":"https:\/\/staging.swissbars-anna.ch\/de\/wp-json\/wp\/v2\/comments?post=1957"}],"version-history":[{"count":0,"href":"https:\/\/staging.swissbars-anna.ch\/de\/wp-json\/wp\/v2\/pages\/1957\/revisions"}],"wp:featuredmedia":[{"embeddable":true,"href":"https:\/\/staging.swissbars-anna.ch\/de\/wp-json\/wp\/v2\/media\/4113"}],"wp:attachment":[{"href":"https:\/\/staging.swissbars-anna.ch\/de\/wp-json\/wp\/v2\/media?parent=1957"}],"curies":[{"name":"wp","href":"https:\/\/api.w.org\/{rel}","templated":true}]}}